{"id":244,"date":"2023-12-26T15:33:36","date_gmt":"2023-12-26T15:33:36","guid":{"rendered":"https:\/\/europeanqualitycertificate.eu\/?page_id=244"},"modified":"2025-12-02T15:59:36","modified_gmt":"2025-12-02T15:59:36","slug":"legal-notice","status":"publish","type":"page","link":"https:\/\/europeanqualitycertificate.eu\/fr\/legal-notice\/","title":{"rendered":"Avis L\u00e9gal"},"content":{"rendered":"<div class=\"wpb-content-wrapper\">[vc_row][vc_column][vc_column_text css=\u00a0\u00bb.vc_custom_1764691110703{margin-bottom: 0px !important;}\u00a0\u00bb]\n<h2>Mention L\u00e9gale<\/h2>\n<h3>1. Propri\u00e9taire du Site Web<\/h3>\n<p>European Quality Certificate<br \/>\nSite : <a href=\"https:\/\/europeanqualitycertificate.eu\">https:\/\/europeanqualitycertificate.eu<\/a><br \/>\nEmail : <a href=\"mailto:contact@europeanqualitycertificate.eu\">contact@europeanqualitycertificate.eu<\/a><\/p>\n<h3>2. Objet du Site<\/h3>\n<p>Ce site fournit des informations sur les services et activit\u00e9s d\u2019European Quality Certificate.<br \/>\nEn acc\u00e9dant ou en utilisant ce site, vous acceptez les conditions d\u00e9crites dans cette Mention L\u00e9gale.<\/p>\n<h3>3. Propri\u00e9t\u00e9 Intellectuelle<\/h3>\n<p>Tous les contenus du site \u2014 textes, images, logos, graphiques, vid\u00e9os, design \u2014 sont la propri\u00e9t\u00e9 exclusive d\u2019European Quality Certificate ou de tiers autoris\u00e9s.<br \/>\nToute reproduction, distribution ou modification est strictement interdite sans autorisation pr\u00e9alable.<\/p>\n<h3>4. Utilisation Acceptable<\/h3>\n<p>L\u2019utilisateur s\u2019engage \u00e0 utiliser le site de mani\u00e8re l\u00e9gale et \u00e0 ne pas effectuer d\u2019actions pouvant l\u2019endommager, le surcharger ou perturber son fonctionnement.<br \/>\nL\u2019acc\u00e8s non autoris\u00e9, l\u2019insertion de logiciels malveillants ou toute utilisation illicite sont interdits.<\/p>\n<h3>5. Responsabilit\u00e9<\/h3>\n<p>European Quality Certificate n\u2019est pas responsable des dommages caus\u00e9s par une mauvaise utilisation, des pannes techniques, des interruptions de service ou de contenus externes.<br \/>\nBien que des mesures de s\u00e9curit\u00e9 soient appliqu\u00e9es, l\u2019absence totale de virus ou d\u2019erreurs ne peut \u00eatre garantie.<\/p>\n<h3>6. Liens Externes<\/h3>\n<p>Le site peut contenir des liens vers des pages externes hors de notre contr\u00f4le.<br \/>\nNous ne sommes pas responsables de leur contenu ou pratiques.<\/p>\n<h3>7. Protection des Donn\u00e9es<\/h3>\n<p>Les donn\u00e9es personnelles sont trait\u00e9es conform\u00e9ment \u00e0 notre Politique de Confidentialit\u00e9 :<br \/>\n<a href=\"https:\/\/europeanqualitycertificate.eu\/privacy-policy\/\">Politique de Confidentialit\u00e9<\/a>.<\/p>\n<h3>8. Cookies<\/h3>\n<p>Le site utilise des cookies \u00e0 des fins fonctionnelles et analytiques.<br \/>\nPlus d\u2019informations dans notre Politique de Cookies :<br \/>\n<a href=\"https:\/\/europeanqualitycertificate.eu\/cookies-policy\/\">Politique de Cookies<\/a>.<\/p>\n<h3>9. Loi Applicable<\/h3>\n<p>Cette Mention L\u00e9gale est r\u00e9gie par la l\u00e9gislation europ\u00e9enne.<br \/>\nTout litige sera soumis aux tribunaux comp\u00e9tents du lieu d\u2019enregistrement de l\u2019entreprise.<\/p>\n[\/vc_column_text][\/vc_column][\/vc_row]\n<\/div>","protected":false},"excerpt":{"rendered":"<p>[vc_row][vc_column][vc_column_text css=\u00a0\u00bb.vc_custom_1764691110703{margin-bottom: 0px !important;}\u00a0\u00bb] Mention L\u00e9gale 1. Propri\u00e9taire du Site Web European Quality Certificate Site : https:\/\/europeanqualitycertificate.eu Email : contact@europeanqualitycertificate.eu 2. Objet du Site Ce site fournit des informations sur les services et activit\u00e9s d\u2019European Quality Certificate. En acc\u00e9dant ou en utilisant ce site, vous acceptez les conditions d\u00e9crites dans cette Mention L\u00e9gale. 3. Propri\u00e9t\u00e9 [&hellip;]<\/p>\n","protected":false},"author":1,"featured_media":0,"parent":0,"menu_order":0,"comment_status":"closed","ping_status":"closed","template":"","meta":{"footnotes":""},"class_list":["post-244","page","type-page","status-publish","hentry"],"_links":{"self":[{"href":"https:\/\/europeanqualitycertificate.eu\/fr\/wp-json\/wp\/v2\/pages\/244","targetHints":{"allow":["GET"]}}],"collection":[{"href":"https:\/\/europeanqualitycertificate.eu\/fr\/wp-json\/wp\/v2\/pages"}],"about":[{"href":"https:\/\/europeanqualitycertificate.eu\/fr\/wp-json\/wp\/v2\/types\/page"}],"author":[{"embeddable":true,"href":"https:\/\/europeanqualitycertificate.eu\/fr\/wp-json\/wp\/v2\/users\/1"}],"replies":[{"embeddable":true,"href":"https:\/\/europeanqualitycertificate.eu\/fr\/wp-json\/wp\/v2\/comments?post=244"}],"version-history":[{"count":0,"href":"https:\/\/europeanqualitycertificate.eu\/fr\/wp-json\/wp\/v2\/pages\/244\/revisions"}],"wp:attachment":[{"href":"https:\/\/europeanqualitycertificate.eu\/fr\/wp-json\/wp\/v2\/media?parent=244"}],"curies":[{"name":"wp","href":"https:\/\/api.w.org\/{rel}","templated":true}]}}